{"id":3582,"date":"2025-06-04T14:35:04","date_gmt":"2025-06-04T14:35:04","guid":{"rendered":"https:\/\/trustfiduciaire.lu\/datenschutzrichtlinie\/"},"modified":"2025-06-04T14:54:08","modified_gmt":"2025-06-04T14:54:08","slug":"datenschutzrichtlinie","status":"publish","type":"page","link":"https:\/\/trustfiduciaire.lu\/de\/datenschutzrichtlinie\/","title":{"rendered":"Datenschutzrichtlinie"},"content":{"rendered":"\t\t<div data-elementor-type=\"wp-page\" data-elementor-id=\"3582\" class=\"elementor elementor-3582 elementor-3567\" data-elementor-post-type=\"page\">\n\t\t\t\t<div class=\"elementor-element elementor-element-9e73bf2 e-flex e-con-boxed e-con e-parent\" data-id=\"9e73bf2\" data-element_type=\"container\" data-e-type=\"container\">\n\t\t\t\t\t<div class=\"e-con-inner\">\n\t\t<div class=\"elementor-element elementor-element-463711e e-flex e-con-boxed e-con e-child\" data-id=\"463711e\" data-element_type=\"container\" data-e-type=\"container\">\n\t\t\t\t\t<div class=\"e-con-inner\">\n\t\t\t\t<div class=\"elementor-element elementor-element-41e2233 elementor-widget elementor-widget-heading\" data-id=\"41e2233\" data-element_type=\"widget\" data-e-type=\"widget\" data-widget_type=\"heading.default\">\n\t\t\t\t<div class=\"elementor-widget-container\">\n\t\t\t\t\t<h1 class=\"elementor-heading-title elementor-size-default\">Datenschutzrichtlinie<\/h1>\t\t\t\t<\/div>\n\t\t\t\t<\/div>\n\t\t\t\t<div class=\"elementor-element elementor-element-d124f31 elementor-widget elementor-widget-text-editor\" data-id=\"d124f31\" data-element_type=\"widget\" data-e-type=\"widget\" data-widget_type=\"text-editor.default\">\n\t\t\t\t<div class=\"elementor-widget-container\">\n\t\t\t\t\t\t\t\t\t<p data-start=\"2876\" data-end=\"3131\"><strong data-start=\"2876\" data-end=\"2895\">1. Einleitung<\/strong><br data-start=\"2895\" data-end=\"2898\">Wir legen gro\u00dfen Wert auf den Schutz Ihrer Daten. Diese Richtlinie erkl\u00e4rt, wie wir Ihre personenbezogenen Daten erheben, verwenden und sch\u00fctzen, wenn Sie unsere buchhalterischen und finanziellen Dienstleistungen nutzen. <\/p>\n<p data-start=\"3133\" data-end=\"3328\"><strong data-start=\"3133\" data-end=\"3160\">2. Datenerhebung<\/strong><br data-start=\"3160\" data-end=\"3163\">Wir erheben pers\u00f6nliche und gesch\u00e4ftliche Informationen wie Namen, Kontaktdaten, Finanzunterlagen und Gesch\u00e4ftsdaten zur Durchf\u00fchrung von:<\/p>\n<ul data-start=\"3329\" data-end=\"3519\">\n<li data-start=\"3329\" data-end=\"3378\">\n<p data-start=\"3331\" data-end=\"3378\">Buchhaltung und Steuerberatung<\/p>\n<\/li>\n<li data-start=\"3379\" data-end=\"3421\">\n<p data-start=\"3381\" data-end=\"3421\">Unternehmensdomizilierung und -gr\u00fcndung<\/p>\n<\/li>\n<li data-start=\"3422\" data-end=\"3444\">\n<p data-start=\"3424\" data-end=\"3444\">Lohn- und Gehaltsabrechnung<\/p>\n<\/li>\n<li data-start=\"3445\" data-end=\"3480\">\n<p data-start=\"3447\" data-end=\"3480\">Gesch\u00e4ftsplanung<\/p>\n<\/li>\n<li data-start=\"3481\" data-end=\"3519\">\n<p data-start=\"3483\" data-end=\"3519\">Unternehmensbewertung und Beratung<\/p>\n<\/li>\n<\/ul>\n<p data-start=\"3521\" data-end=\"3691\"><strong data-start=\"3521\" data-end=\"3551\">3. Datenverwendung<\/strong><br data-start=\"3551\" data-end=\"3554\">Ihre Daten werden ausschlie\u00dflich zur Bereitstellung und Verbesserung unserer Dienstleistungen, zur Erf\u00fcllung gesetzlicher Verpflichtungen und zur Kommunikation mit Ihnen verwendet.<\/p>\n<p data-start=\"3693\" data-end=\"3890\"><strong data-start=\"3693\" data-end=\"3719\">4. Datenweitergabe<\/strong><br data-start=\"3719\" data-end=\"3722\">Wir verkaufen Ihre Daten nicht. Informationen k\u00f6nnen nur dann mit Aufsichtsbeh\u00f6rden oder Partnern geteilt werden, wenn dies notwendig ist und unter strikter Vertraulichkeit erfolgt. <\/p>\n<p data-start=\"3892\" data-end=\"4032\"><strong data-start=\"3892\" data-end=\"3919\">5. Datensicherheit<\/strong><br data-start=\"3919\" data-end=\"3922\">Wir setzen angemessene technische und organisatorische Ma\u00dfnahmen ein, um Ihre Daten zu sch\u00fctzen.<\/p>\n<p data-start=\"4034\" data-end=\"4212\"><strong data-start=\"4034\" data-end=\"4051\">6. Ihre Rechte<\/strong><br data-start=\"4051\" data-end=\"4054\">Sie haben das Recht auf Zugang, Berichtigung, L\u00f6schung oder Einschr\u00e4nkung der Nutzung Ihrer Daten. Kontaktieren Sie uns unter info@trustfiduciaire.lu <\/p>\n<p data-start=\"4214\" data-end=\"4303\"><strong data-start=\"4214\" data-end=\"4234\">7. \u00c4nderungen<\/strong><br data-start=\"4234\" data-end=\"4237\">Wir k\u00f6nnen diese Richtlinie aktualisieren und Sie entsprechend informieren.<\/p>\t\t\t\t\t\t\t\t<\/div>\n\t\t\t\t<\/div>\n\t\t\t\t\t<\/div>\n\t\t\t\t<\/div>\n\t\t\t\t\t<\/div>\n\t\t\t\t<\/div>\n\t\t\t\t<\/div>\n\t\t","protected":false},"excerpt":{"rendered":"<p>Datenschutzrichtlinie 1. EinleitungWir legen gro\u00dfen Wert auf den Schutz Ihrer Daten. Diese Richtlinie erkl\u00e4rt, wie wir Ihre personenbezogenen Daten erheben, verwenden und sch\u00fctzen, wenn Sie unsere buchhalterischen und finanziellen Dienstleistungen nutzen. 2. DatenerhebungWir erheben pers\u00f6nliche und gesch\u00e4ftliche Informationen wie Namen, Kontaktdaten, Finanzunterlagen und Gesch\u00e4ftsdaten zur Durchf\u00fchrung von: Buchhaltung und Steuerberatung Unternehmensdomizilierung und -gr\u00fcndung Lohn- und [&hellip;]<\/p>\n","protected":false},"author":6,"featured_media":0,"parent":0,"menu_order":0,"comment_status":"closed","ping_status":"closed","template":"elementor_header_footer","meta":{"footnotes":""},"class_list":["post-3582","page","type-page","status-publish","hentry"],"yoast_head":"<!-- This site is optimized with the Yoast SEO plugin v27.4 - https:\/\/yoast.com\/product\/yoast-seo-wordpress\/ -->\n<title>Datenschutzrichtlinie - Trust Fiduciaire<\/title>\n<meta name=\"robots\" content=\"index, follow, max-snippet:-1, max-image-preview:large, max-video-preview:-1\" \/>\n<link rel=\"canonical\" href=\"https:\/\/trustfiduciaire.lu\/de\/datenschutzrichtlinie\/\" \/>\n<meta property=\"og:locale\" content=\"de_DE\" \/>\n<meta property=\"og:type\" content=\"article\" \/>\n<meta property=\"og:title\" content=\"Datenschutzrichtlinie - Trust Fiduciaire\" \/>\n<meta property=\"og:description\" content=\"Datenschutzrichtlinie 1. EinleitungWir legen gro\u00dfen Wert auf den Schutz Ihrer Daten. Diese Richtlinie erkl\u00e4rt, wie wir Ihre personenbezogenen Daten erheben, verwenden und sch\u00fctzen, wenn Sie unsere buchhalterischen und finanziellen Dienstleistungen nutzen. 2. DatenerhebungWir erheben pers\u00f6nliche und gesch\u00e4ftliche Informationen wie Namen, Kontaktdaten, Finanzunterlagen und Gesch\u00e4ftsdaten zur Durchf\u00fchrung von: Buchhaltung und Steuerberatung Unternehmensdomizilierung und -gr\u00fcndung Lohn- und [&hellip;]\" \/>\n<meta property=\"og:url\" content=\"https:\/\/trustfiduciaire.lu\/de\/datenschutzrichtlinie\/\" \/>\n<meta property=\"og:site_name\" content=\"Trust Fiduciaire\" \/>\n<meta property=\"article:modified_time\" content=\"2025-06-04T14:54:08+00:00\" \/>\n<meta name=\"twitter:card\" content=\"summary_large_image\" \/>\n<meta name=\"twitter:label1\" content=\"Gesch\u00e4tzte Lesezeit\" \/>\n\t<meta name=\"twitter:data1\" content=\"1\u00a0Minute\" \/>\n<script type=\"application\/ld+json\" class=\"yoast-schema-graph\">{\"@context\":\"https:\\\/\\\/schema.org\",\"@graph\":[{\"@type\":\"WebPage\",\"@id\":\"https:\\\/\\\/trustfiduciaire.lu\\\/de\\\/datenschutzrichtlinie\\\/\",\"url\":\"https:\\\/\\\/trustfiduciaire.lu\\\/de\\\/datenschutzrichtlinie\\\/\",\"name\":\"Datenschutzrichtlinie - Trust Fiduciaire\",\"isPartOf\":{\"@id\":\"https:\\\/\\\/trustfiduciaire.lu\\\/#website\"},\"datePublished\":\"2025-06-04T14:35:04+00:00\",\"dateModified\":\"2025-06-04T14:54:08+00:00\",\"breadcrumb\":{\"@id\":\"https:\\\/\\\/trustfiduciaire.lu\\\/de\\\/datenschutzrichtlinie\\\/#breadcrumb\"},\"inLanguage\":\"de\",\"potentialAction\":[{\"@type\":\"ReadAction\",\"target\":[\"https:\\\/\\\/trustfiduciaire.lu\\\/de\\\/datenschutzrichtlinie\\\/\"]}]},{\"@type\":\"BreadcrumbList\",\"@id\":\"https:\\\/\\\/trustfiduciaire.lu\\\/de\\\/datenschutzrichtlinie\\\/#breadcrumb\",\"itemListElement\":[{\"@type\":\"ListItem\",\"position\":1,\"name\":\"Home\",\"item\":\"https:\\\/\\\/trustfiduciaire.lu\\\/\"},{\"@type\":\"ListItem\",\"position\":2,\"name\":\"Datenschutzrichtlinie\"}]},{\"@type\":\"WebSite\",\"@id\":\"https:\\\/\\\/trustfiduciaire.lu\\\/#website\",\"url\":\"https:\\\/\\\/trustfiduciaire.lu\\\/\",\"name\":\"Trust Fiduciaire\",\"description\":\"Since 2016\",\"publisher\":{\"@id\":\"https:\\\/\\\/trustfiduciaire.lu\\\/#organization\"},\"potentialAction\":[{\"@type\":\"SearchAction\",\"target\":{\"@type\":\"EntryPoint\",\"urlTemplate\":\"https:\\\/\\\/trustfiduciaire.lu\\\/?s={search_term_string}\"},\"query-input\":{\"@type\":\"PropertyValueSpecification\",\"valueRequired\":true,\"valueName\":\"search_term_string\"}}],\"inLanguage\":\"de\"},{\"@type\":\"Organization\",\"@id\":\"https:\\\/\\\/trustfiduciaire.lu\\\/#organization\",\"name\":\"Trust Fiduciaire\",\"url\":\"https:\\\/\\\/trustfiduciaire.lu\\\/\",\"logo\":{\"@type\":\"ImageObject\",\"inLanguage\":\"de\",\"@id\":\"https:\\\/\\\/trustfiduciaire.lu\\\/#\\\/schema\\\/logo\\\/image\\\/\",\"url\":\"https:\\\/\\\/trustfiduciaire.lu\\\/wp-content\\\/uploads\\\/2025\\\/01\\\/LOGO_TF.svg\",\"contentUrl\":\"https:\\\/\\\/trustfiduciaire.lu\\\/wp-content\\\/uploads\\\/2025\\\/01\\\/LOGO_TF.svg\",\"width\":641,\"height\":215,\"caption\":\"Trust Fiduciaire\"},\"image\":{\"@id\":\"https:\\\/\\\/trustfiduciaire.lu\\\/#\\\/schema\\\/logo\\\/image\\\/\"}}]}<\/script>\n<!-- \/ Yoast SEO plugin. -->","yoast_head_json":{"title":"Datenschutzrichtlinie - Trust Fiduciaire","robots":{"index":"index","follow":"follow","max-snippet":"max-snippet:-1","max-image-preview":"max-image-preview:large","max-video-preview":"max-video-preview:-1"},"canonical":"https:\/\/trustfiduciaire.lu\/de\/datenschutzrichtlinie\/","og_locale":"de_DE","og_type":"article","og_title":"Datenschutzrichtlinie - Trust Fiduciaire","og_description":"Datenschutzrichtlinie 1. EinleitungWir legen gro\u00dfen Wert auf den Schutz Ihrer Daten. Diese Richtlinie erkl\u00e4rt, wie wir Ihre personenbezogenen Daten erheben, verwenden und sch\u00fctzen, wenn Sie unsere buchhalterischen und finanziellen Dienstleistungen nutzen. 2. DatenerhebungWir erheben pers\u00f6nliche und gesch\u00e4ftliche Informationen wie Namen, Kontaktdaten, Finanzunterlagen und Gesch\u00e4ftsdaten zur Durchf\u00fchrung von: Buchhaltung und Steuerberatung Unternehmensdomizilierung und -gr\u00fcndung Lohn- und [&hellip;]","og_url":"https:\/\/trustfiduciaire.lu\/de\/datenschutzrichtlinie\/","og_site_name":"Trust Fiduciaire","article_modified_time":"2025-06-04T14:54:08+00:00","twitter_card":"summary_large_image","twitter_misc":{"Gesch\u00e4tzte Lesezeit":"1\u00a0Minute"},"schema":{"@context":"https:\/\/schema.org","@graph":[{"@type":"WebPage","@id":"https:\/\/trustfiduciaire.lu\/de\/datenschutzrichtlinie\/","url":"https:\/\/trustfiduciaire.lu\/de\/datenschutzrichtlinie\/","name":"Datenschutzrichtlinie - Trust Fiduciaire","isPartOf":{"@id":"https:\/\/trustfiduciaire.lu\/#website"},"datePublished":"2025-06-04T14:35:04+00:00","dateModified":"2025-06-04T14:54:08+00:00","breadcrumb":{"@id":"https:\/\/trustfiduciaire.lu\/de\/datenschutzrichtlinie\/#breadcrumb"},"inLanguage":"de","potentialAction":[{"@type":"ReadAction","target":["https:\/\/trustfiduciaire.lu\/de\/datenschutzrichtlinie\/"]}]},{"@type":"BreadcrumbList","@id":"https:\/\/trustfiduciaire.lu\/de\/datenschutzrichtlinie\/#breadcrumb","itemListElement":[{"@type":"ListItem","position":1,"name":"Home","item":"https:\/\/trustfiduciaire.lu\/"},{"@type":"ListItem","position":2,"name":"Datenschutzrichtlinie"}]},{"@type":"WebSite","@id":"https:\/\/trustfiduciaire.lu\/#website","url":"https:\/\/trustfiduciaire.lu\/","name":"Trust Fiduciaire","description":"Since 2016","publisher":{"@id":"https:\/\/trustfiduciaire.lu\/#organization"},"potentialAction":[{"@type":"SearchAction","target":{"@type":"EntryPoint","urlTemplate":"https:\/\/trustfiduciaire.lu\/?s={search_term_string}"},"query-input":{"@type":"PropertyValueSpecification","valueRequired":true,"valueName":"search_term_string"}}],"inLanguage":"de"},{"@type":"Organization","@id":"https:\/\/trustfiduciaire.lu\/#organization","name":"Trust Fiduciaire","url":"https:\/\/trustfiduciaire.lu\/","logo":{"@type":"ImageObject","inLanguage":"de","@id":"https:\/\/trustfiduciaire.lu\/#\/schema\/logo\/image\/","url":"https:\/\/trustfiduciaire.lu\/wp-content\/uploads\/2025\/01\/LOGO_TF.svg","contentUrl":"https:\/\/trustfiduciaire.lu\/wp-content\/uploads\/2025\/01\/LOGO_TF.svg","width":641,"height":215,"caption":"Trust Fiduciaire"},"image":{"@id":"https:\/\/trustfiduciaire.lu\/#\/schema\/logo\/image\/"}}]}},"_links":{"self":[{"href":"https:\/\/trustfiduciaire.lu\/de\/wp-json\/wp\/v2\/pages\/3582","targetHints":{"allow":["GET"]}}],"collection":[{"href":"https:\/\/trustfiduciaire.lu\/de\/wp-json\/wp\/v2\/pages"}],"about":[{"href":"https:\/\/trustfiduciaire.lu\/de\/wp-json\/wp\/v2\/types\/page"}],"author":[{"embeddable":true,"href":"https:\/\/trustfiduciaire.lu\/de\/wp-json\/wp\/v2\/users\/6"}],"replies":[{"embeddable":true,"href":"https:\/\/trustfiduciaire.lu\/de\/wp-json\/wp\/v2\/comments?post=3582"}],"version-history":[{"count":1,"href":"https:\/\/trustfiduciaire.lu\/de\/wp-json\/wp\/v2\/pages\/3582\/revisions"}],"predecessor-version":[{"id":3583,"href":"https:\/\/trustfiduciaire.lu\/de\/wp-json\/wp\/v2\/pages\/3582\/revisions\/3583"}],"wp:attachment":[{"href":"https:\/\/trustfiduciaire.lu\/de\/wp-json\/wp\/v2\/media?parent=3582"}],"curies":[{"name":"wp","href":"https:\/\/api.w.org\/{rel}","templated":true}]}}